{"id":23,"date":"2016-01-08T10:51:25","date_gmt":"2016-01-08T09:51:25","guid":{"rendered":"http:\/\/www.kaffeebus.ch\/?page_id=23"},"modified":"2018-09-29T11:49:28","modified_gmt":"2018-09-29T09:49:28","slug":"angebot","status":"publish","type":"page","link":"https:\/\/www.kaffeebus.ch\/index.php\/angebot\/","title":{"rendered":"Angebot"},"content":{"rendered":"<h5>Der Kaffeebus &#8220;Charlotte&#8221; ist ein zu einer mobilen Kaffeebar umgebauter VW T2 &#8220;Bulli&#8221;. Zu Hause ist die Dame im Weissenb\u00fchl-Quartier in Bern und nimmt von dort aus die Region unter die R\u00e4der, um Events mit einer entsprechenden Kaffeenote zu bereichern.<\/h5>\n<p>Wir besuchen&#8230;<\/p>\n<ul>\n<li>Firmenanl\u00e4sse<\/li>\n<li>Hochzeiten<\/li>\n<li>Geburtstagsfeiern<\/li>\n<li>Messen<\/li>\n<\/ul>\n<p>Wir sind&#8230;<\/p>\n<ul>\n<li>Kaffeeliebhaber<\/li>\n<li>SCAE zertifizierte Baristi<\/li>\n<li>VW-Bus-Fans<\/li>\n<\/ul>\n<p>Wir bieten&#8230;<\/p>\n<ul>\n<li>eine kleine aber feine <a href=\"http:\/\/www.kaffeebus.ch\/wp-content\/uploads\/2017\/06\/Getr\u00e4nkekarte.pdf\" target=\"_blank\" rel=\"noopener noreferrer\">Karte<\/a> von Kaffeegetr\u00e4nken<\/li>\n<li>trommelger\u00f6steter, <a href=\"https:\/\/www.kaffeebus.ch\/index.php\/2018\/03\/12\/kaffee-aus-bolivien\/\">BIO\/FAIRTRADE Arabica aus Bolivien<\/a><\/li>\n<li>eine kleine mobile Lounge mit Sitzgelegenheiten<\/li>\n<li>qualitativ hochwertiges Equipment<br \/>\n<strong>Siebtr\u00e4ger<\/strong> &#8211;\u00a0EXPOBAR\u00a0Brewtus\u00a0V<br \/>\n<strong style=\"line-height: 1.5;\">M\u00fchle<\/strong><span style=\"line-height: 1.5;\"> &#8211;\u00a0QUAMAR\u00a0m80e<\/span><\/li>\n<\/ul>\n<p>Wir brauchen&#8230;<\/p>\n<ul>\n<li>Stromanschluss 230V im Radius von 30m<\/li>\n<li>Zugang zu Trinkwasser<\/li>\n<\/ul>\n<p>Gerne erstellen wir Ihnen eine individuelle <a href=\"http:\/\/www.kaffeebus.ch\/index.php\/kontakt\/\">Offerte <\/a>f\u00fcr Ihren Anlass.<\/p>\n","protected":false},"excerpt":{"rendered":"<p>Der Kaffeebus &#8220;Charlotte&#8221; ist ein zu einer mobilen Kaffeebar umgebauter VW T2 &#8220;Bulli&#8221;. Zu Hause ist die Dame im Weissenb\u00fchl-Quartier in Bern und nimmt von dort aus die Region unter die R\u00e4der, um Events mit einer entsprechenden Kaffeenote zu bereichern. Wir besuchen&#8230; Firmenanl\u00e4sse Hochzeiten Geburtstagsfeiern Messen Wir sind&#8230; Kaffeeliebhaber SCAE zertifizierte Baristi VW-Bus-Fans Wir bieten&#8230; &#8230; <span class=\"more\"><a class=\"more-link\" href=\"https:\/\/www.kaffeebus.ch\/index.php\/angebot\/\">[weiterlesen&#8230;]<\/a><\/span><\/p>\n","protected":false},"author":1,"featured_media":25,"parent":0,"menu_order":0,"comment_status":"closed","ping_status":"closed","template":"","meta":[],"_links":{"self":[{"href":"https:\/\/www.kaffeebus.ch\/index.php\/wp-json\/wp\/v2\/pages\/23"}],"collection":[{"href":"https:\/\/www.kaffeebus.ch\/index.php\/wp-json\/wp\/v2\/pages"}],"about":[{"href":"https:\/\/www.kaffeebus.ch\/index.php\/wp-json\/wp\/v2\/types\/page"}],"author":[{"embeddable":true,"href":"https:\/\/www.kaffeebus.ch\/index.php\/wp-json\/wp\/v2\/users\/1"}],"replies":[{"embeddable":true,"href":"https:\/\/www.kaffeebus.ch\/index.php\/wp-json\/wp\/v2\/comments?post=23"}],"version-history":[{"count":22,"href":"https:\/\/www.kaffeebus.ch\/index.php\/wp-json\/wp\/v2\/pages\/23\/revisions"}],"predecessor-version":[{"id":438,"href":"https:\/\/www.kaffeebus.ch\/index.php\/wp-json\/wp\/v2\/pages\/23\/revisions\/438"}],"wp:featuredmedia":[{"embeddable":true,"href":"https:\/\/www.kaffeebus.ch\/index.php\/wp-json\/wp\/v2\/media\/25"}],"wp:attachment":[{"href":"https:\/\/www.kaffeebus.ch\/index.php\/wp-json\/wp\/v2\/media?parent=23"}],"curies":[{"name":"wp","href":"https:\/\/api.w.org\/{rel}","templated":true}]}}