{"id":40,"date":"2016-01-08T11:23:48","date_gmt":"2016-01-08T10:23:48","guid":{"rendered":"http:\/\/www.kaffeebus.ch\/?page_id=40"},"modified":"2018-09-29T11:47:20","modified_gmt":"2018-09-29T09:47:20","slug":"kaffeebohnen","status":"publish","type":"page","link":"https:\/\/www.kaffeebus.ch\/index.php\/kaffeebohnen\/","title":{"rendered":"Kaffeebohnen"},"content":{"rendered":"<p><img decoding=\"async\" loading=\"lazy\" class=\"alignnone size-full wp-image-363\" src=\"https:\/\/www.kaffeebus.ch\/wp-content\/uploads\/2018\/03\/mainlogo-e1520866063653.png\" alt=\"\" width=\"180\" height=\"46\" \/><\/p>\n<p>Wir sind stolz, seit Anfang 2018 Partner der <a href=\"http:\/\/www.swipala.com\/index.php\" target=\"_blank\" rel=\"noopener\">swipala gmbh<\/a> zu sein. Die kleine Schweizer Firma importiert bolivianischen BIO-Kaffee der zudem FAIRTRADE zertifiziert ist.<\/p>\n<p>Bolivien spielt im weltweiten Kaffeehandel momentan nur eine kleine Rolle. Es sind vor allem Kleinbetriebe, welche vom Ertrag vom Rohkaffee leben k\u00f6nnen. Obwohl das Land aufgrund der stabilen Temperaturen und notwendigen H\u00f6henlagen perfekte Bedingungen f\u00fcr den Anbau von Kaffeekulturen bietet, wird das Potential nur schwach ausgesch\u00f6pft. Dies vor allem aufgrund anderer, rentableren Wirtschaftszweigen, wie zum Beispiel der Ernte der Cocapflanze.<\/p>\n<p>Mit dem <strong>Cafe Caranavi <\/strong>haben wir nun\u00a0einen echt tollen &#8220;Kerl&#8221; mit an Bord.<\/p>\n<hr \/>\n<h4>Kurzportrait<\/h4>\n<p><strong>Anbauh\u00f6he:<\/strong> 1100 \u2013 1750m\u00fcM<br \/>\n<strong>Anbauregion:<\/strong> Chijchipani in der Region Caranavi<br \/>\n<strong>Botanik im Anbaugebiet:<\/strong>\u00a0Mandarinen, Orangen, Mango, Avocados, Bananen, Achiote, Cocabl\u00e4tter, Gew\u00fcrze<br \/>\n<strong>Verarbeitung:<\/strong> Sonnentrocknung<br \/>\n<strong>Variet\u00e4t:<\/strong> Criolla Arabica, Caturra, Catuai Rojo<br \/>\n<strong>Zertifizierungen:<\/strong> Bio + Fairtrade<br \/>\n<strong>Screen:<\/strong> 15up<br \/>\n<strong>Geschmack:<\/strong> Schokolade &#8211; Caramel<\/p>\n<p>Der Anbau erfolgt in kleinb\u00e4uerlicher Produktion und die Bohne wird von Hand geerntet. Dank der biologischen Produktion wird die Umwelt geschont und die B\u00f6den nicht \u00fcberkultiviert.\u00a0Ger\u00f6stet wird der Kaffee in der <a href=\"https:\/\/www.oetterlikaffee.ch\/\" target=\"_blank\" rel=\"noopener\">R\u00f6sterei Oetterli<\/a> in Solothurn.<\/p>\n<hr \/>\n<p>&nbsp;<\/p>\n<p>M\u00f6chten Sie unseren Kaffee <a href=\"https:\/\/www.kaffeebus.ch\/index.php\/shop\/\">kaufen<\/a>?<\/p>\n","protected":false},"excerpt":{"rendered":"<p>Wir sind stolz, seit Anfang 2018 Partner der swipala gmbh zu sein. Die kleine Schweizer Firma importiert bolivianischen BIO-Kaffee der zudem FAIRTRADE zertifiziert ist. Bolivien spielt im weltweiten Kaffeehandel momentan nur eine kleine Rolle. Es sind vor allem Kleinbetriebe, welche vom Ertrag vom Rohkaffee leben k\u00f6nnen. Obwohl das Land aufgrund der stabilen Temperaturen und notwendigen &#8230; <span class=\"more\"><a class=\"more-link\" href=\"https:\/\/www.kaffeebus.ch\/index.php\/kaffeebohnen\/\">[weiterlesen&#8230;]<\/a><\/span><\/p>\n","protected":false},"author":1,"featured_media":29,"parent":0,"menu_order":0,"comment_status":"closed","ping_status":"closed","template":"","meta":[],"_links":{"self":[{"href":"https:\/\/www.kaffeebus.ch\/index.php\/wp-json\/wp\/v2\/pages\/40"}],"collection":[{"href":"https:\/\/www.kaffeebus.ch\/index.php\/wp-json\/wp\/v2\/pages"}],"about":[{"href":"https:\/\/www.kaffeebus.ch\/index.php\/wp-json\/wp\/v2\/types\/page"}],"author":[{"embeddable":true,"href":"https:\/\/www.kaffeebus.ch\/index.php\/wp-json\/wp\/v2\/users\/1"}],"replies":[{"embeddable":true,"href":"https:\/\/www.kaffeebus.ch\/index.php\/wp-json\/wp\/v2\/comments?post=40"}],"version-history":[{"count":21,"href":"https:\/\/www.kaffeebus.ch\/index.php\/wp-json\/wp\/v2\/pages\/40\/revisions"}],"predecessor-version":[{"id":436,"href":"https:\/\/www.kaffeebus.ch\/index.php\/wp-json\/wp\/v2\/pages\/40\/revisions\/436"}],"wp:featuredmedia":[{"embeddable":true,"href":"https:\/\/www.kaffeebus.ch\/index.php\/wp-json\/wp\/v2\/media\/29"}],"wp:attachment":[{"href":"https:\/\/www.kaffeebus.ch\/index.php\/wp-json\/wp\/v2\/media?parent=40"}],"curies":[{"name":"wp","href":"https:\/\/api.w.org\/{rel}","templated":true}]}}