{"id":432,"date":"2018-09-29T11:41:48","date_gmt":"2018-09-29T09:41:48","guid":{"rendered":"https:\/\/www.kaffeebus.ch\/?post_type=product&#038;p=432"},"modified":"2018-09-29T17:42:27","modified_gmt":"2018-09-29T15:42:27","slug":"bio-cafe-caranavi-500g","status":"publish","type":"product","link":"https:\/\/www.kaffeebus.ch\/index.php\/produkt\/bio-cafe-caranavi-500g\/","title":{"rendered":"BIO Caf\u00e9 Caranavi, 500g"},"content":{"rendered":"<p><strong>Grand Cru Kaffeebohnen, feinster Arabica, single orgin<\/strong>. Der Anbau erfolgt in kleinb\u00e4uerlicher Produktion in einer Anbauh\u00f6he zwischen 1100 \u2013 1700m\u00fcM und die Bohne wird von Hand geerntet. Dank der biologischen Produktion wird die Umwelt geschont und die B\u00f6den nicht \u00fcberkultiviert. Ger\u00f6stet wird der Kaffee in der R\u00f6sterei Oetterli in Solothurn. Die Bohnen k\u00f6nnen von jeder gebr\u00e4uchlichen Kaffeem\u00fchle bzw. -maschine gemahlen werden.<\/p>\n","protected":false},"excerpt":{"rendered":"<p><em>bio \u2013 fair<\/em><\/p>\n","protected":false},"featured_media":433,"comment_status":"closed","ping_status":"closed","template":"","meta":[],"product_cat":[16],"product_tag":[],"_links":{"self":[{"href":"https:\/\/www.kaffeebus.ch\/index.php\/wp-json\/wp\/v2\/product\/432"}],"collection":[{"href":"https:\/\/www.kaffeebus.ch\/index.php\/wp-json\/wp\/v2\/product"}],"about":[{"href":"https:\/\/www.kaffeebus.ch\/index.php\/wp-json\/wp\/v2\/types\/product"}],"replies":[{"embeddable":true,"href":"https:\/\/www.kaffeebus.ch\/index.php\/wp-json\/wp\/v2\/comments?post=432"}],"wp:featuredmedia":[{"embeddable":true,"href":"https:\/\/www.kaffeebus.ch\/index.php\/wp-json\/wp\/v2\/media\/433"}],"wp:attachment":[{"href":"https:\/\/www.kaffeebus.ch\/index.php\/wp-json\/wp\/v2\/media?parent=432"}],"wp:term":[{"taxonomy":"product_cat","embeddable":true,"href":"https:\/\/www.kaffeebus.ch\/index.php\/wp-json\/wp\/v2\/product_cat?post=432"},{"taxonomy":"product_tag","embeddable":true,"href":"https:\/\/www.kaffeebus.ch\/index.php\/wp-json\/wp\/v2\/product_tag?post=432"}],"curies":[{"name":"wp","href":"https:\/\/api.w.org\/{rel}","templated":true}]}}